{"id":649,"date":"2020-03-20T10:17:06","date_gmt":"2020-03-20T09:17:06","guid":{"rendered":"http:\/\/shop.smalandsskinnmanufaktur.se\/?page_id=649"},"modified":"2020-03-20T10:17:06","modified_gmt":"2020-03-20T09:17:06","slug":"einkaufswagen","status":"publish","type":"page","link":"https:\/\/shop.smalandsskinnmanufaktur.se\/de\/einkaufswagen\/","title":{"rendered":"Einkaufswagen"},"content":{"rendered":"\n","protected":false},"excerpt":{"rendered":"","protected":false},"author":1,"featured_media":0,"parent":0,"menu_order":0,"comment_status":"closed","ping_status":"closed","template":"","meta":[],"acf":[],"yoast_head":"<!-- This site is optimized with the Yoast SEO plugin v20.2.1 - https:\/\/yoast.com\/wordpress\/plugins\/seo\/ -->\n<title>Einkaufswagen - Sm\u00e5lands skinnmanufaktur<\/title>\n<meta name=\"robots\" content=\"index, follow, max-snippet:-1, max-image-preview:large, max-video-preview:-1\" \/>\n<link rel=\"canonical\" href=\"https:\/\/shop.smalandsskinnmanufaktur.se\/de\/einkaufswagen\/\" \/>\n<meta property=\"og:locale\" content=\"de_DE\" \/>\n<meta property=\"og:type\" content=\"article\" \/>\n<meta property=\"og:title\" content=\"Einkaufswagen - Sm\u00e5lands skinnmanufaktur\" \/>\n<meta property=\"og:url\" content=\"https:\/\/shop.smalandsskinnmanufaktur.se\/de\/einkaufswagen\/\" \/>\n<meta property=\"og:site_name\" content=\"Sm\u00e5lands skinnmanufaktur\" \/>\n<meta name=\"twitter:card\" content=\"summary_large_image\" \/>\n<script type=\"application\/ld+json\" class=\"yoast-schema-graph\">{\"@context\":\"https:\/\/schema.org\",\"@graph\":[{\"@type\":\"WebPage\",\"@id\":\"https:\/\/shop.smalandsskinnmanufaktur.se\/de\/einkaufswagen\/\",\"url\":\"https:\/\/shop.smalandsskinnmanufaktur.se\/de\/einkaufswagen\/\",\"name\":\"Einkaufswagen - Sm\u00e5lands skinnmanufaktur\",\"isPartOf\":{\"@id\":\"https:\/\/shop.smalandsskinnmanufaktur.se\/#website\"},\"datePublished\":\"2020-03-20T09:17:06+00:00\",\"dateModified\":\"2020-03-20T09:17:06+00:00\",\"breadcrumb\":{\"@id\":\"https:\/\/shop.smalandsskinnmanufaktur.se\/de\/einkaufswagen\/#breadcrumb\"},\"inLanguage\":\"de\",\"potentialAction\":[{\"@type\":\"ReadAction\",\"target\":[\"https:\/\/shop.smalandsskinnmanufaktur.se\/de\/einkaufswagen\/\"]}]},{\"@type\":\"BreadcrumbList\",\"@id\":\"https:\/\/shop.smalandsskinnmanufaktur.se\/de\/einkaufswagen\/#breadcrumb\",\"itemListElement\":[{\"@type\":\"ListItem\",\"position\":1,\"name\":\"Hem\",\"item\":\"https:\/\/shop.smalandsskinnmanufaktur.se\/\"},{\"@type\":\"ListItem\",\"position\":2,\"name\":\"Einkaufswagen\"}]},{\"@type\":\"WebSite\",\"@id\":\"https:\/\/shop.smalandsskinnmanufaktur.se\/#website\",\"url\":\"https:\/\/shop.smalandsskinnmanufaktur.se\/\",\"name\":\"Sm\u00e5lands skinnmanufaktur\",\"description\":\"M\u00f6bler och accessoarer f\u00f6r livet\",\"potentialAction\":[{\"@type\":\"SearchAction\",\"target\":{\"@type\":\"EntryPoint\",\"urlTemplate\":\"https:\/\/shop.smalandsskinnmanufaktur.se\/?s={search_term_string}\"},\"query-input\":\"required name=search_term_string\"}],\"inLanguage\":\"de\"}]}<\/script>\n<!-- \/ Yoast SEO plugin. -->","yoast_head_json":{"title":"Einkaufswagen - Sm\u00e5lands skinnmanufaktur","robots":{"index":"index","follow":"follow","max-snippet":"max-snippet:-1","max-image-preview":"max-image-preview:large","max-video-preview":"max-video-preview:-1"},"canonical":"https:\/\/shop.smalandsskinnmanufaktur.se\/de\/einkaufswagen\/","og_locale":"de_DE","og_type":"article","og_title":"Einkaufswagen - Sm\u00e5lands skinnmanufaktur","og_url":"https:\/\/shop.smalandsskinnmanufaktur.se\/de\/einkaufswagen\/","og_site_name":"Sm\u00e5lands skinnmanufaktur","twitter_card":"summary_large_image","schema":{"@context":"https:\/\/schema.org","@graph":[{"@type":"WebPage","@id":"https:\/\/shop.smalandsskinnmanufaktur.se\/de\/einkaufswagen\/","url":"https:\/\/shop.smalandsskinnmanufaktur.se\/de\/einkaufswagen\/","name":"Einkaufswagen - Sm\u00e5lands skinnmanufaktur","isPartOf":{"@id":"https:\/\/shop.smalandsskinnmanufaktur.se\/#website"},"datePublished":"2020-03-20T09:17:06+00:00","dateModified":"2020-03-20T09:17:06+00:00","breadcrumb":{"@id":"https:\/\/shop.smalandsskinnmanufaktur.se\/de\/einkaufswagen\/#breadcrumb"},"inLanguage":"de","potentialAction":[{"@type":"ReadAction","target":["https:\/\/shop.smalandsskinnmanufaktur.se\/de\/einkaufswagen\/"]}]},{"@type":"BreadcrumbList","@id":"https:\/\/shop.smalandsskinnmanufaktur.se\/de\/einkaufswagen\/#breadcrumb","itemListElement":[{"@type":"ListItem","position":1,"name":"Hem","item":"https:\/\/shop.smalandsskinnmanufaktur.se\/"},{"@type":"ListItem","position":2,"name":"Einkaufswagen"}]},{"@type":"WebSite","@id":"https:\/\/shop.smalandsskinnmanufaktur.se\/#website","url":"https:\/\/shop.smalandsskinnmanufaktur.se\/","name":"Sm\u00e5lands skinnmanufaktur","description":"M\u00f6bler och accessoarer f\u00f6r livet","potentialAction":[{"@type":"SearchAction","target":{"@type":"EntryPoint","urlTemplate":"https:\/\/shop.smalandsskinnmanufaktur.se\/?s={search_term_string}"},"query-input":"required name=search_term_string"}],"inLanguage":"de"}]}},"_links":{"self":[{"href":"https:\/\/shop.smalandsskinnmanufaktur.se\/de\/wp-json\/wp\/v2\/pages\/649"}],"collection":[{"href":"https:\/\/shop.smalandsskinnmanufaktur.se\/de\/wp-json\/wp\/v2\/pages"}],"about":[{"href":"https:\/\/shop.smalandsskinnmanufaktur.se\/de\/wp-json\/wp\/v2\/types\/page"}],"author":[{"embeddable":true,"href":"https:\/\/shop.smalandsskinnmanufaktur.se\/de\/wp-json\/wp\/v2\/users\/1"}],"replies":[{"embeddable":true,"href":"https:\/\/shop.smalandsskinnmanufaktur.se\/de\/wp-json\/wp\/v2\/comments?post=649"}],"version-history":[{"count":1,"href":"https:\/\/shop.smalandsskinnmanufaktur.se\/de\/wp-json\/wp\/v2\/pages\/649\/revisions"}],"predecessor-version":[{"id":650,"href":"https:\/\/shop.smalandsskinnmanufaktur.se\/de\/wp-json\/wp\/v2\/pages\/649\/revisions\/650"}],"wp:attachment":[{"href":"https:\/\/shop.smalandsskinnmanufaktur.se\/de\/wp-json\/wp\/v2\/media?parent=649"}],"curies":[{"name":"wp","href":"https:\/\/api.w.org\/{rel}","templated":true}]}}