{"id":1248,"date":"2021-09-14T11:20:45","date_gmt":"2021-09-14T09:20:45","guid":{"rendered":"http:\/\/shop.smalandsskinnmanufaktur.se\/?post_type=product&#038;p=1248"},"modified":"2021-10-28T14:45:09","modified_gmt":"2021-10-28T12:45:09","slug":"hylla-90-black-noir","status":"publish","type":"product","link":"https:\/\/shop.smalandsskinnmanufaktur.se\/en\/product\/hylla-90-black-noir\/","title":{"rendered":"Shelf 90 Black Noir"},"content":{"rendered":"","protected":false},"excerpt":{"rendered":"<p>Made of dark-treated and matt lacquered ash. Swedish vegetable tanned leather from T\u00e4rnsj\u00f6 Tannery. And of course made by hand in Sm\u00e5land.<\/p>\n<p><b>Dimensions<\/b><br \/>\nH: 27 cm W: 90 cm L: 12 cm<\/p>\n<p><b>Delivery<\/b><br \/>\n3-5 days<\/p>\n","protected":false},"featured_media":1214,"comment_status":"open","ping_status":"closed","template":"","meta":[],"product_cat":[29],"product_tag":[],"acf":[],"yoast_head":"<!-- This site is optimized with the Yoast SEO plugin v20.2.1 - https:\/\/yoast.com\/wordpress\/plugins\/seo\/ -->\n<title>Shelf 90 Black Noir - Sm\u00e5lands skinnmanufaktur<\/title>\n<meta name=\"robots\" content=\"index, follow, max-snippet:-1, max-image-preview:large, max-video-preview:-1\" \/>\n<link rel=\"canonical\" href=\"https:\/\/shop.smalandsskinnmanufaktur.se\/en\/product\/hylla-90-black-noir\/\" \/>\n<meta property=\"og:locale\" content=\"en_US\" \/>\n<meta property=\"og:type\" content=\"article\" \/>\n<meta property=\"og:title\" content=\"Shelf 90 Black Noir - Sm\u00e5lands skinnmanufaktur\" \/>\n<meta property=\"og:description\" content=\"Made of dark-treated and matt lacquered ash. Swedish vegetable tanned leather from T\u00e4rnsj\u00f6 Tannery. And of course made by hand in Sm\u00e5land.  Dimensions H: 27 cm W: 90 cm L: 12 cm  Delivery 3-5 days\" \/>\n<meta property=\"og:url\" content=\"https:\/\/shop.smalandsskinnmanufaktur.se\/en\/product\/hylla-90-black-noir\/\" \/>\n<meta property=\"og:site_name\" content=\"Sm\u00e5lands skinnmanufaktur\" \/>\n<meta property=\"article:modified_time\" content=\"2021-10-28T12:45:09+00:00\" \/>\n<meta property=\"og:image\" content=\"https:\/\/shop.smalandsskinnmanufaktur.se\/wp-content\/uploads\/2021\/09\/SSM_16_1000x1333.jpg\" \/>\n\t<meta property=\"og:image:width\" content=\"1000\" \/>\n\t<meta property=\"og:image:height\" content=\"1333\" \/>\n\t<meta property=\"og:image:type\" content=\"image\/jpeg\" \/>\n<meta name=\"twitter:card\" content=\"summary_large_image\" \/>\n<script type=\"application\/ld+json\" class=\"yoast-schema-graph\">{\"@context\":\"https:\/\/schema.org\",\"@graph\":[{\"@type\":\"WebPage\",\"@id\":\"https:\/\/shop.smalandsskinnmanufaktur.se\/en\/product\/hylla-90-black-noir\/\",\"url\":\"https:\/\/shop.smalandsskinnmanufaktur.se\/en\/product\/hylla-90-black-noir\/\",\"name\":\"Shelf 90 Black Noir - Sm\u00e5lands skinnmanufaktur\",\"isPartOf\":{\"@id\":\"https:\/\/shop.smalandsskinnmanufaktur.se\/#website\"},\"datePublished\":\"2021-09-14T09:20:45+00:00\",\"dateModified\":\"2021-10-28T12:45:09+00:00\",\"breadcrumb\":{\"@id\":\"https:\/\/shop.smalandsskinnmanufaktur.se\/en\/product\/hylla-90-black-noir\/#breadcrumb\"},\"inLanguage\":\"en-US\",\"potentialAction\":[{\"@type\":\"ReadAction\",\"target\":[\"https:\/\/shop.smalandsskinnmanufaktur.se\/en\/product\/hylla-90-black-noir\/\"]}]},{\"@type\":\"BreadcrumbList\",\"@id\":\"https:\/\/shop.smalandsskinnmanufaktur.se\/en\/product\/hylla-90-black-noir\/#breadcrumb\",\"itemListElement\":[{\"@type\":\"ListItem\",\"position\":1,\"name\":\"Hem\",\"item\":\"https:\/\/shop.smalandsskinnmanufaktur.se\/\"},{\"@type\":\"ListItem\",\"position\":2,\"name\":\"Shop\",\"item\":\"https:\/\/shop.smalandsskinnmanufaktur.se\/en\/shop\/\"},{\"@type\":\"ListItem\",\"position\":3,\"name\":\"Shelf 90 Black Noir\"}]},{\"@type\":\"WebSite\",\"@id\":\"https:\/\/shop.smalandsskinnmanufaktur.se\/#website\",\"url\":\"https:\/\/shop.smalandsskinnmanufaktur.se\/\",\"name\":\"Sm\u00e5lands skinnmanufaktur\",\"description\":\"M\u00f6bler och accessoarer f\u00f6r livet\",\"potentialAction\":[{\"@type\":\"SearchAction\",\"target\":{\"@type\":\"EntryPoint\",\"urlTemplate\":\"https:\/\/shop.smalandsskinnmanufaktur.se\/?s={search_term_string}\"},\"query-input\":\"required name=search_term_string\"}],\"inLanguage\":\"en-US\"}]}<\/script>\n<!-- \/ Yoast SEO plugin. -->","yoast_head_json":{"title":"Shelf 90 Black Noir - Sm\u00e5lands skinnmanufaktur","robots":{"index":"index","follow":"follow","max-snippet":"max-snippet:-1","max-image-preview":"max-image-preview:large","max-video-preview":"max-video-preview:-1"},"canonical":"https:\/\/shop.smalandsskinnmanufaktur.se\/en\/product\/hylla-90-black-noir\/","og_locale":"en_US","og_type":"article","og_title":"Shelf 90 Black Noir - Sm\u00e5lands skinnmanufaktur","og_description":"Made of dark-treated and matt lacquered ash. Swedish vegetable tanned leather from T\u00e4rnsj\u00f6 Tannery. And of course made by hand in Sm\u00e5land.  Dimensions H: 27 cm W: 90 cm L: 12 cm  Delivery 3-5 days","og_url":"https:\/\/shop.smalandsskinnmanufaktur.se\/en\/product\/hylla-90-black-noir\/","og_site_name":"Sm\u00e5lands skinnmanufaktur","article_modified_time":"2021-10-28T12:45:09+00:00","og_image":[{"width":1000,"height":1333,"url":"https:\/\/shop.smalandsskinnmanufaktur.se\/wp-content\/uploads\/2021\/09\/SSM_16_1000x1333.jpg","type":"image\/jpeg"}],"twitter_card":"summary_large_image","schema":{"@context":"https:\/\/schema.org","@graph":[{"@type":"WebPage","@id":"https:\/\/shop.smalandsskinnmanufaktur.se\/en\/product\/hylla-90-black-noir\/","url":"https:\/\/shop.smalandsskinnmanufaktur.se\/en\/product\/hylla-90-black-noir\/","name":"Shelf 90 Black Noir - Sm\u00e5lands skinnmanufaktur","isPartOf":{"@id":"https:\/\/shop.smalandsskinnmanufaktur.se\/#website"},"datePublished":"2021-09-14T09:20:45+00:00","dateModified":"2021-10-28T12:45:09+00:00","breadcrumb":{"@id":"https:\/\/shop.smalandsskinnmanufaktur.se\/en\/product\/hylla-90-black-noir\/#breadcrumb"},"inLanguage":"en-US","potentialAction":[{"@type":"ReadAction","target":["https:\/\/shop.smalandsskinnmanufaktur.se\/en\/product\/hylla-90-black-noir\/"]}]},{"@type":"BreadcrumbList","@id":"https:\/\/shop.smalandsskinnmanufaktur.se\/en\/product\/hylla-90-black-noir\/#breadcrumb","itemListElement":[{"@type":"ListItem","position":1,"name":"Hem","item":"https:\/\/shop.smalandsskinnmanufaktur.se\/"},{"@type":"ListItem","position":2,"name":"Shop","item":"https:\/\/shop.smalandsskinnmanufaktur.se\/en\/shop\/"},{"@type":"ListItem","position":3,"name":"Shelf 90 Black Noir"}]},{"@type":"WebSite","@id":"https:\/\/shop.smalandsskinnmanufaktur.se\/#website","url":"https:\/\/shop.smalandsskinnmanufaktur.se\/","name":"Sm\u00e5lands skinnmanufaktur","description":"M\u00f6bler och accessoarer f\u00f6r livet","potentialAction":[{"@type":"SearchAction","target":{"@type":"EntryPoint","urlTemplate":"https:\/\/shop.smalandsskinnmanufaktur.se\/?s={search_term_string}"},"query-input":"required name=search_term_string"}],"inLanguage":"en-US"}]}},"_links":{"self":[{"href":"https:\/\/shop.smalandsskinnmanufaktur.se\/en\/wp-json\/wp\/v2\/product\/1248"}],"collection":[{"href":"https:\/\/shop.smalandsskinnmanufaktur.se\/en\/wp-json\/wp\/v2\/product"}],"about":[{"href":"https:\/\/shop.smalandsskinnmanufaktur.se\/en\/wp-json\/wp\/v2\/types\/product"}],"replies":[{"embeddable":true,"href":"https:\/\/shop.smalandsskinnmanufaktur.se\/en\/wp-json\/wp\/v2\/comments?post=1248"}],"wp:featuredmedia":[{"embeddable":true,"href":"https:\/\/shop.smalandsskinnmanufaktur.se\/en\/wp-json\/wp\/v2\/media\/1214"}],"wp:attachment":[{"href":"https:\/\/shop.smalandsskinnmanufaktur.se\/en\/wp-json\/wp\/v2\/media?parent=1248"}],"wp:term":[{"taxonomy":"product_cat","embeddable":true,"href":"https:\/\/shop.smalandsskinnmanufaktur.se\/en\/wp-json\/wp\/v2\/product_cat?post=1248"},{"taxonomy":"product_tag","embeddable":true,"href":"https:\/\/shop.smalandsskinnmanufaktur.se\/en\/wp-json\/wp\/v2\/product_tag?post=1248"}],"curies":[{"name":"wp","href":"https:\/\/api.w.org\/{rel}","templated":true}]}}