{"id":1286,"date":"2021-09-14T14:26:42","date_gmt":"2021-09-14T12:26:42","guid":{"rendered":"http:\/\/shop.smalandsskinnmanufaktur.se\/produkt\/laptop-fodral-13-tum-svart\/"},"modified":"2021-09-16T21:20:11","modified_gmt":"2021-09-16T19:20:11","slug":"laptop-fodral-13-tum-svart","status":"publish","type":"product","link":"https:\/\/shop.smalandsskinnmanufaktur.se\/en\/product\/laptop-fodral-13-tum-svart\/","title":{"rendered":"Laptop case 13 black"},"content":{"rendered":"","protected":false},"excerpt":{"rendered":"<p>Vegetable tanned leather from T\u00e4rnsj\u00f6 Tannery. Made in Sm\u00e5land of course.<span class=\"Apple-converted-space\">\u00a0<\/span><\/p>\n<p><b>Dimensions<\/b><br \/>\nW: 35 cm H: 24,5 cm (13\u201d laptop)<\/p>\n<p><b>Delivery<\/b><br \/>\n<i>5-7 days<\/i><\/p>\n","protected":false},"featured_media":1244,"comment_status":"open","ping_status":"closed","template":"","meta":[],"product_cat":[28,27],"product_tag":[],"acf":[],"yoast_head":"<!-- This site is optimized with the Yoast SEO plugin v20.2.1 - https:\/\/yoast.com\/wordpress\/plugins\/seo\/ -->\n<title>Laptop case 13 black - Sm\u00e5lands skinnmanufaktur<\/title>\n<meta name=\"robots\" content=\"index, follow, max-snippet:-1, max-image-preview:large, max-video-preview:-1\" \/>\n<link rel=\"canonical\" href=\"https:\/\/shop.smalandsskinnmanufaktur.se\/en\/product\/laptop-fodral-13-tum-svart\/\" \/>\n<meta property=\"og:locale\" content=\"en_US\" \/>\n<meta property=\"og:type\" content=\"article\" \/>\n<meta property=\"og:title\" content=\"Laptop case 13 black - Sm\u00e5lands skinnmanufaktur\" \/>\n<meta property=\"og:description\" content=\"Vegetable tanned leather from T\u00e4rnsj\u00f6 Tannery. Made in Sm\u00e5land of course.\u00a0  Dimensions W: 35 cm H: 24,5 cm (13\u201d laptop)  Delivery 5-7 days\" \/>\n<meta property=\"og:url\" content=\"https:\/\/shop.smalandsskinnmanufaktur.se\/en\/product\/laptop-fodral-13-tum-svart\/\" \/>\n<meta property=\"og:site_name\" content=\"Sm\u00e5lands skinnmanufaktur\" \/>\n<meta property=\"article:modified_time\" content=\"2021-09-16T19:20:11+00:00\" \/>\n<meta property=\"og:image\" content=\"https:\/\/shop.smalandsskinnmanufaktur.se\/wp-content\/uploads\/2021\/09\/SSM_11_1000x1333.jpg\" \/>\n\t<meta property=\"og:image:width\" content=\"1000\" \/>\n\t<meta property=\"og:image:height\" content=\"1333\" \/>\n\t<meta property=\"og:image:type\" content=\"image\/jpeg\" \/>\n<meta name=\"twitter:card\" content=\"summary_large_image\" \/>\n<script type=\"application\/ld+json\" class=\"yoast-schema-graph\">{\"@context\":\"https:\/\/schema.org\",\"@graph\":[{\"@type\":\"WebPage\",\"@id\":\"https:\/\/shop.smalandsskinnmanufaktur.se\/en\/product\/laptop-fodral-13-tum-svart\/\",\"url\":\"https:\/\/shop.smalandsskinnmanufaktur.se\/en\/product\/laptop-fodral-13-tum-svart\/\",\"name\":\"Laptop case 13 black - Sm\u00e5lands skinnmanufaktur\",\"isPartOf\":{\"@id\":\"https:\/\/shop.smalandsskinnmanufaktur.se\/#website\"},\"datePublished\":\"2021-09-14T12:26:42+00:00\",\"dateModified\":\"2021-09-16T19:20:11+00:00\",\"breadcrumb\":{\"@id\":\"https:\/\/shop.smalandsskinnmanufaktur.se\/en\/product\/laptop-fodral-13-tum-svart\/#breadcrumb\"},\"inLanguage\":\"en-US\",\"potentialAction\":[{\"@type\":\"ReadAction\",\"target\":[\"https:\/\/shop.smalandsskinnmanufaktur.se\/en\/product\/laptop-fodral-13-tum-svart\/\"]}]},{\"@type\":\"BreadcrumbList\",\"@id\":\"https:\/\/shop.smalandsskinnmanufaktur.se\/en\/product\/laptop-fodral-13-tum-svart\/#breadcrumb\",\"itemListElement\":[{\"@type\":\"ListItem\",\"position\":1,\"name\":\"Hem\",\"item\":\"https:\/\/shop.smalandsskinnmanufaktur.se\/\"},{\"@type\":\"ListItem\",\"position\":2,\"name\":\"Shop\",\"item\":\"https:\/\/shop.smalandsskinnmanufaktur.se\/en\/shop\/\"},{\"@type\":\"ListItem\",\"position\":3,\"name\":\"Laptop case 13 black\"}]},{\"@type\":\"WebSite\",\"@id\":\"https:\/\/shop.smalandsskinnmanufaktur.se\/#website\",\"url\":\"https:\/\/shop.smalandsskinnmanufaktur.se\/\",\"name\":\"Sm\u00e5lands skinnmanufaktur\",\"description\":\"M\u00f6bler och accessoarer f\u00f6r livet\",\"potentialAction\":[{\"@type\":\"SearchAction\",\"target\":{\"@type\":\"EntryPoint\",\"urlTemplate\":\"https:\/\/shop.smalandsskinnmanufaktur.se\/?s={search_term_string}\"},\"query-input\":\"required name=search_term_string\"}],\"inLanguage\":\"en-US\"}]}<\/script>\n<!-- \/ Yoast SEO plugin. -->","yoast_head_json":{"title":"Laptop case 13 black - Sm\u00e5lands skinnmanufaktur","robots":{"index":"index","follow":"follow","max-snippet":"max-snippet:-1","max-image-preview":"max-image-preview:large","max-video-preview":"max-video-preview:-1"},"canonical":"https:\/\/shop.smalandsskinnmanufaktur.se\/en\/product\/laptop-fodral-13-tum-svart\/","og_locale":"en_US","og_type":"article","og_title":"Laptop case 13 black - Sm\u00e5lands skinnmanufaktur","og_description":"Vegetable tanned leather from T\u00e4rnsj\u00f6 Tannery. Made in Sm\u00e5land of course.\u00a0  Dimensions W: 35 cm H: 24,5 cm (13\u201d laptop)  Delivery 5-7 days","og_url":"https:\/\/shop.smalandsskinnmanufaktur.se\/en\/product\/laptop-fodral-13-tum-svart\/","og_site_name":"Sm\u00e5lands skinnmanufaktur","article_modified_time":"2021-09-16T19:20:11+00:00","og_image":[{"width":1000,"height":1333,"url":"https:\/\/shop.smalandsskinnmanufaktur.se\/wp-content\/uploads\/2021\/09\/SSM_11_1000x1333.jpg","type":"image\/jpeg"}],"twitter_card":"summary_large_image","schema":{"@context":"https:\/\/schema.org","@graph":[{"@type":"WebPage","@id":"https:\/\/shop.smalandsskinnmanufaktur.se\/en\/product\/laptop-fodral-13-tum-svart\/","url":"https:\/\/shop.smalandsskinnmanufaktur.se\/en\/product\/laptop-fodral-13-tum-svart\/","name":"Laptop case 13 black - Sm\u00e5lands skinnmanufaktur","isPartOf":{"@id":"https:\/\/shop.smalandsskinnmanufaktur.se\/#website"},"datePublished":"2021-09-14T12:26:42+00:00","dateModified":"2021-09-16T19:20:11+00:00","breadcrumb":{"@id":"https:\/\/shop.smalandsskinnmanufaktur.se\/en\/product\/laptop-fodral-13-tum-svart\/#breadcrumb"},"inLanguage":"en-US","potentialAction":[{"@type":"ReadAction","target":["https:\/\/shop.smalandsskinnmanufaktur.se\/en\/product\/laptop-fodral-13-tum-svart\/"]}]},{"@type":"BreadcrumbList","@id":"https:\/\/shop.smalandsskinnmanufaktur.se\/en\/product\/laptop-fodral-13-tum-svart\/#breadcrumb","itemListElement":[{"@type":"ListItem","position":1,"name":"Hem","item":"https:\/\/shop.smalandsskinnmanufaktur.se\/"},{"@type":"ListItem","position":2,"name":"Shop","item":"https:\/\/shop.smalandsskinnmanufaktur.se\/en\/shop\/"},{"@type":"ListItem","position":3,"name":"Laptop case 13 black"}]},{"@type":"WebSite","@id":"https:\/\/shop.smalandsskinnmanufaktur.se\/#website","url":"https:\/\/shop.smalandsskinnmanufaktur.se\/","name":"Sm\u00e5lands skinnmanufaktur","description":"M\u00f6bler och accessoarer f\u00f6r livet","potentialAction":[{"@type":"SearchAction","target":{"@type":"EntryPoint","urlTemplate":"https:\/\/shop.smalandsskinnmanufaktur.se\/?s={search_term_string}"},"query-input":"required name=search_term_string"}],"inLanguage":"en-US"}]}},"_links":{"self":[{"href":"https:\/\/shop.smalandsskinnmanufaktur.se\/en\/wp-json\/wp\/v2\/product\/1286"}],"collection":[{"href":"https:\/\/shop.smalandsskinnmanufaktur.se\/en\/wp-json\/wp\/v2\/product"}],"about":[{"href":"https:\/\/shop.smalandsskinnmanufaktur.se\/en\/wp-json\/wp\/v2\/types\/product"}],"replies":[{"embeddable":true,"href":"https:\/\/shop.smalandsskinnmanufaktur.se\/en\/wp-json\/wp\/v2\/comments?post=1286"}],"wp:featuredmedia":[{"embeddable":true,"href":"https:\/\/shop.smalandsskinnmanufaktur.se\/en\/wp-json\/wp\/v2\/media\/1244"}],"wp:attachment":[{"href":"https:\/\/shop.smalandsskinnmanufaktur.se\/en\/wp-json\/wp\/v2\/media?parent=1286"}],"wp:term":[{"taxonomy":"product_cat","embeddable":true,"href":"https:\/\/shop.smalandsskinnmanufaktur.se\/en\/wp-json\/wp\/v2\/product_cat?post=1286"},{"taxonomy":"product_tag","embeddable":true,"href":"https:\/\/shop.smalandsskinnmanufaktur.se\/en\/wp-json\/wp\/v2\/product_tag?post=1286"}],"curies":[{"name":"wp","href":"https:\/\/api.w.org\/{rel}","templated":true}]}}